{"id":39327,"date":"2026-01-29T16:43:44","date_gmt":"2026-01-29T15:43:44","guid":{"rendered":"https:\/\/bbgoalie.com\/?post_type=product&#038;p=39327"},"modified":"2026-04-13T08:13:39","modified_gmt":"2026-04-13T06:13:39","slug":"majakademi2026","status":"publish","type":"product","link":"https:\/\/bbgoalie.com\/en\/butik\/majakademi2026\/","title":{"rendered":"MAJAKADEMI ELIT 11-26 maj 2026"},"content":{"rendered":"","protected":false},"excerpt":{"rendered":"<p><strong>Plats:<\/strong> Sollentunavallen (B-hallen), Strandv\u00e4gen 65, Sollentuna<br \/>\n<strong>Datum:<\/strong> 11-26 maj<\/p>\n<p>F\u00f6r m\u00e5lvakter f\u00f6dda <strong>2015 och upp till senior<\/strong>. <em>M\u00e5lvakterna delas in i olika burar p\u00e5 isen efter \u00e5lder och niv\u00e5.<\/em><\/p>\n<p>Denna akademi innefattar 8 st ispass och 8 st teoripass. Datum och \u00f6vrig information om Majakademin hittar ni <a href=\"https:\/\/bbgoalie.com\/majakademi2026\/\">H\u00c4R<\/a><\/p>\n<hr class=\" hr_color\" style=\"margin:0 auto 20px;\"\/>\n\n<p>F\u00f6r att boka akademin:<\/p>\n<ul>\n<li>\u25aa V\u00e4lj <strong>&#8220;Betala hela beloppet&#8221;<\/strong> eller <strong>&#8220;Betala bokningsavgift&#8221;<\/strong> (den senare \u00e4r f\u00f6rvald)<\/li>\n<li>\u25aa Klicka <strong>&#8220;Best\u00e4ll&#8221;<\/strong><\/li>\n<li>\u25aa F\u00f6lj stegen i kassan och <strong>genomf\u00f6r ett vanligt internetk\u00f6p<\/strong> (vi accepterar endast kortbetalning)<\/li>\n<\/ul>\n<p><hr class=\" hr_color\" style=\"margin:0 auto 10px;\"\/>\n<br \/>\nV\u00e4ljer ni att betala bokningsavgiften separat ska slutbetalningen vara oss tillhanda <strong>senast den 30 april 2026. <\/strong>Logga in p\u00e5 <a href=\"https:\/\/bbgoalie.com\/mitt-konto\/\" target=\"_blank\" rel=\"noopener\">er spelarprofil<\/a> f\u00f6r att erl\u00e4gga slutbetalningen. Ni hittar slutbetalningen genom att klicka p\u00e5 &#8220;Mina best\u00e4llningar\/My orders&#8221; &#8211;&gt; den aktuella bokningen\/the booking &#8211;&gt; &#8220;Visa slutbetalning\/Show final payment&#8221; &#8211;&gt; &#8220;Betala\/Pay&#8221; <em><strong>ELLER\/OR<\/strong><\/em> klicka\/click &#8220;\u00c5tg\u00e4rder\/Action&#8221; (eller klicka p\u00e5 de tre prickarna vid &#8220;\u00c5tg\u00e4rder\/Action\u201d) och\/and &#8220;pay this order&#8221;<\/p>\n<p>Tveka inte att <a href=\"https:\/\/bbgoalie.com\/kontakt\/\" target=\"_blank\" rel=\"noopener\">kontakta oss<\/a> om ni har n\u00e5gra fr\u00e5gor.<\/p>\n","protected":false},"featured_media":12868,"template":"","meta":{"_acf_changed":false},"product_cat":[136],"product_tag":[],"class_list":{"0":"post-39327","1":"product","2":"type-product","3":"status-publish","4":"has-post-thumbnail","6":"product_cat-akademi","8":"first","9":"instock","10":"virtual","11":"taxable","12":"purchasable","13":"product-type-simple"},"acf":[],"_links":{"self":[{"href":"https:\/\/bbgoalie.com\/en\/wp-json\/wp\/v2\/product\/39327"}],"collection":[{"href":"https:\/\/bbgoalie.com\/en\/wp-json\/wp\/v2\/product"}],"about":[{"href":"https:\/\/bbgoalie.com\/en\/wp-json\/wp\/v2\/types\/product"}],"wp:featuredmedia":[{"embeddable":true,"href":"https:\/\/bbgoalie.com\/en\/wp-json\/wp\/v2\/media\/12868"}],"wp:attachment":[{"href":"https:\/\/bbgoalie.com\/en\/wp-json\/wp\/v2\/media?parent=39327"}],"wp:term":[{"taxonomy":"product_cat","embeddable":true,"href":"https:\/\/bbgoalie.com\/en\/wp-json\/wp\/v2\/product_cat?post=39327"},{"taxonomy":"product_tag","embeddable":true,"href":"https:\/\/bbgoalie.com\/en\/wp-json\/wp\/v2\/product_tag?post=39327"}],"curies":[{"name":"wp","href":"https:\/\/api.w.org\/{rel}","templated":true}]}}